{"id":213,"date":"2022-01-18T17:19:03","date_gmt":"2022-01-18T16:19:03","guid":{"rendered":"https:\/\/pension-kranewitter-tirol.at\/?page_id=213"},"modified":"2023-11-04T15:37:25","modified_gmt":"2023-11-04T14:37:25","slug":"impressum","status":"publish","type":"page","link":"https:\/\/pension-kranewitter-tirol.at\/?page_id=213","title":{"rendered":"Impressum"},"content":{"rendered":"\n<p><strong>Impressum<\/strong><\/p>\n\n\n\n<p>Dorothea und Ignaz Kranewitter<\/p>\n\n\n\n<p>Sachsengasse 69a<\/p>\n\n\n\n<p>A-6465 Nassereith<\/p>\n\n\n\n<p>+43(0)664 73601874<\/p>\n\n\n\n<p>Pension.Kranewitter@gmx.at<\/p>\n\n\n\n<p><\/p>\n\n\n\n<p><strong>Urheberrechte<\/strong><\/p>\n\n\n\n<p>Der Inhalt dieser Website ist urheberrechtlich gesch\u00fctzt. Die Bereitstellung von Inhalten und Bildmaterial dieser Website auf anderen Websites ist nur mit ausdr\u00fccklicher Genehmigung der Besitzer gestattet.<\/p>\n\n\n\n<p>Die auf dieser Website enthaltenen Angaben werden nach bestem Wissen erstellt und mit gro\u00dfer Sorgfalt auf ihre Richtigkeit \u00fcberpr\u00fcft. Trotzdem sind inhaltliche und sachliche Fehler nicht vollst\u00e4ndig auszuschlie\u00dfen.<\/p>\n\n\n\n<p>Familie Kranewitter \u00fcbernimmt keinerlei Garantie und Haftung f\u00fcr die Richtigkeit, Aktualit\u00e4t und Vollst\u00e4ndigkeit der bereitgestellten Informationen. Alle Angaben sind ohne Gew\u00e4hr.<\/p>\n","protected":false},"excerpt":{"rendered":"<p>Impressum Dorothea und Ignaz Kranewitter Sachsengasse 69a A-6465 Nassereith +43(0)664 73601874 Pension.Kranewitter@gmx.at Urheberrechte Der Inhalt dieser Website ist urheberrechtlich gesch\u00fctzt. Die Bereitstellung von Inhalten und Bildmaterial dieser Website auf anderen Websites ist nur mit ausdr\u00fccklicher Genehmigung der Besitzer gestattet. Die auf dieser Website enthaltenen Angaben werden nach bestem Wissen erstellt und mit gro\u00dfer Sorgfalt auf&hellip; <br \/> <a class=\"button small blue\" href=\"https:\/\/pension-kranewitter-tirol.at\/?page_id=213\">Weiterlesen<\/a><\/p>\n","protected":false},"author":1,"featured_media":0,"parent":0,"menu_order":0,"comment_status":"closed","ping_status":"closed","template":"page-templates\/homepage.php","meta":{"footnotes":""},"class_list":["post-213","page","type-page","status-publish","hentry"],"_links":{"self":[{"href":"https:\/\/pension-kranewitter-tirol.at\/index.php?rest_route=\/wp\/v2\/pages\/213","targetHints":{"allow":["GET"]}}],"collection":[{"href":"https:\/\/pension-kranewitter-tirol.at\/index.php?rest_route=\/wp\/v2\/pages"}],"about":[{"href":"https:\/\/pension-kranewitter-tirol.at\/index.php?rest_route=\/wp\/v2\/types\/page"}],"author":[{"embeddable":true,"href":"https:\/\/pension-kranewitter-tirol.at\/index.php?rest_route=\/wp\/v2\/users\/1"}],"replies":[{"embeddable":true,"href":"https:\/\/pension-kranewitter-tirol.at\/index.php?rest_route=%2Fwp%2Fv2%2Fcomments&post=213"}],"version-history":[{"count":4,"href":"https:\/\/pension-kranewitter-tirol.at\/index.php?rest_route=\/wp\/v2\/pages\/213\/revisions"}],"predecessor-version":[{"id":240,"href":"https:\/\/pension-kranewitter-tirol.at\/index.php?rest_route=\/wp\/v2\/pages\/213\/revisions\/240"}],"wp:attachment":[{"href":"https:\/\/pension-kranewitter-tirol.at\/index.php?rest_route=%2Fwp%2Fv2%2Fmedia&parent=213"}],"curies":[{"name":"wp","href":"https:\/\/api.w.org\/{rel}","templated":true}]}}