{"id":32,"date":"2022-01-04T20:02:29","date_gmt":"2022-01-04T19:02:29","guid":{"rendered":"https:\/\/pension-kranewitter-tirol.at\/?page_id=32"},"modified":"2025-12-15T18:47:31","modified_gmt":"2025-12-15T17:47:31","slug":"one-page-express","status":"publish","type":"page","link":"https:\/\/pension-kranewitter-tirol.at\/","title":{"rendered":"HOME"},"content":{"rendered":"<div  id=\"overlapable-2\" class=\"features-coloured-icon-boxes-section stripped-coloured-icon-boxes\" style=\"background-color: #ffffff;\" data-label=\"Overlapable\" data-id=\"stripped-coloured-icon-boxes\" data-category=\"overlapable\" data-overlap=\"true\">\n<div  class=\"gridContainer\">\n<div  class=\"features-coloured-icon-boxes-innerrow flexbox-list dark-text\" data-type=\"row\">\n<div  class=\"features-coloured-icon-boxes-featurecol cp3cols\">\n<div  class=\"features-coloured-icon-boxes-iconcontainer\" data-content-item-container=\"true\"><\/div>\n<h4  class=\"\">G\u00e4stezimmer<\/h4>\n<p  class=\"\">Gem\u00fctliche, gro\u00dfe G\u00e4stezimmer mit Dusche, WC, Balkon. Reichhaltiges Fr\u00fchst\u00fcck wird im Fr\u00fchst\u00fccksraum serviert und ist im Preis inbegriffen.<\/p>\nParkplatz, Wlan, versperrbare Abstellm\u00f6glichkeit f\u00fcr Fahrr\u00e4der u.v.m.\n\n<a  class=\"button blue\" href=\"https:\/\/pension-kranewitter-tirol.at?page_id=149\" target=\"_blank\" rel=\"noopener\">Bildergalerie<\/a>\n\n<\/div>\n<div  class=\"features-coloured-icon-boxes-featurecol cp3cols\">\n<div  class=\"features-coloured-icon-boxes-iconcontainer\" data-content-item-container=\"true\"><\/div>\n<h4  class=\"\">Lage<\/h4>\n<p  class=\"\">Unser Haus befindet sich im Zentrum von Nassereith. In ein paar Gehminuten erreichen sie schnell Supermarkt, Restaurants, Bars, Trafik und das B\u00fcro des Imst Tourismus.<\/p>\nDer Klettergarten und der Nassereither See befindet sich direkt hinter dem Haus und beliebte Bike touren starten sie direkt vor dem Haus z.B. entlanger der Via Claudia nach Ehrwald, Leermoos oder Biberwier. Sie k\u00f6nnen nat\u00fcrlich auch \u00fcber den Holzleiten Sattel mit dem Bike auf die Marienberg Alm fahren. Falls Sie kein Bike dabei haben, k\u00f6nnen Sie bei den Fahrrad Experten der Region eines leihen. Hier finden Sie einige Vorschl\u00e4ge.\n\n<a  class=\"features-coloured-button\" href=\"https:\/\/www.google.at\/maps\/place\/Pension+Kranewitter\/@47.3151389,10.8378382,17z\/data=!3m1!4b1!4m8!3m7!1s0x479ce1694b8c70f1:0xaaf4e6719f80d1ba!5m2!4m1!1i2!8m2!3d47.3151928!4d10.839948\" target=\"_blank\" rel=\"noopener\">Hier finden sie uns!<\/a>\n\n<\/div>\n<div  class=\"features-coloured-icon-boxes-featurecol cp3cols\">\n<div  class=\"features-coloured-icon-boxes-iconcontainer\" data-content-item-container=\"true\"><\/div>\n<h4  class=\"\">Aktivit\u00e4ten in der Region<\/h4>\n<p  class=\"\">Wandern, Bergsteigen, Klettern und Mountain biken ist in der Region genauso gro\u00df geschrieben wie Skifahren, Langlaufen und Eislaufen.<\/p>\nDie kristallklaren Seen der Region laden Sommer wie Winter zum Entspannen in der Natur ein.\n\n<a  class=\"features-coloured-button\" href=\"https:\/\/www.imst.at\" target=\"_blank\" rel=\"noopener\">Infos zur Region<\/a>\n\n<\/div>\n<div  class=\"features-coloured-icon-boxes-featurecol cp3cols\">\n<div  class=\"features-coloured-icon-boxes-iconcontainer\" data-content-item-container=\"true\"><\/div>\n<h4  class=\"\">Unsere Preise<\/h4>\n<p  class=\"\">Unsere aktuellen Preise finden sie weiter unten direkt auf dieser Seite.\nWir \u00fcbermitteln ihnen auch gerne ein Angebot f\u00fcr ihren gew\u00fcnschten Buchungszeitraum.\nKontaktieren sie uns einfach!<\/p>\n<a  class=\"button blue\" href=\"https:\/\/pension-kranewitter-tirol.at?page_id=160\" target=\"_blank\" rel=\"noopener\">Anfrage senden<\/a>\n\n<\/div>\n<\/div>\n<\/div>\n<\/div><div  id=\"bildergalerie\" class=\"features-square-image-section\" style=\"background-color: #f6f6f6;\" data-label=\"Bildergalerie\" data-id=\"features-square-image-section\" data-category=\"features\">\n<div  class=\"gridContainer dynamic-color\">\n<div  class=\"features-square-image-textrow\">\n<div  class=\"features-square-image-textcol\" data-type=\"column\">\n<h2  class=\"\">Genie\u00dfen sie ihren Urlaub bei uns!<\/h2>\n<p  class=\"\"><\/p>\n\n<\/div>\n<\/div>\n<div  class=\"features-square-image-innerrow\" data-type=\"row\">\n<div  class=\"features-square-image-featcol cp4cols cp6cols-tablet\"><img  decoding=\"async\" class=\"features-square-image-featimg\" src=\"https:\/\/pension-kranewitter-tirol.at\/wp-content\/uploads\/2022\/01\/65374875-5EF3-49B3-9AA2-EDF2C4DDDEBE_1_201_a-scaled.jpeg\" alt=\"\"> <img  decoding=\"async\" class=\"custom-image\" src=\"https:\/\/pension-kranewitter-tirol.at\/wp-content\/uploads\/2022\/01\/Bad3.jpg\" alt=\"\"><\/div>\n<div  class=\"features-square-image-featcol cp4cols cp6cols-tablet\"><img  decoding=\"async\" class=\"features-square-image-featimg\" src=\"https:\/\/pension-kranewitter-tirol.at\/wp-content\/uploads\/2022\/01\/02DD98FA-55E7-46C0-B61F-D976DF88315C_1_201_a-scaled.jpeg\" alt=\"\"> <img  decoding=\"async\" class=\"custom-image\" src=\"https:\/\/pension-kranewitter-tirol.at\/wp-content\/uploads\/2022\/01\/Bad2.jpg\" alt=\"\"><\/div>\n<div  class=\"features-square-image-featcol cp4cols cp6cols-tablet\"><img  decoding=\"async\" class=\"features-square-image-featimg\" src=\"https:\/\/pension-kranewitter-tirol.at\/wp-content\/uploads\/2022\/01\/D2059108-CC03-4B53-933F-FD82C50D8F54_1_105_c.jpeg\" alt=\"\"> <img  decoding=\"async\" class=\"custom-image\" src=\"https:\/\/pension-kranewitter-tirol.at\/wp-content\/uploads\/2022\/01\/Bad-1.jpg\" alt=\"\"><\/div>\n<\/div>\n<\/div>\n<\/div><div  id=\"fruehstueck\" class=\"content-left-image-section\" style=\"background-color: #ffffff;\" data-label=\"Fruehstueck\" data-id=\"content-image-left\" data-category=\"content\">\n<div  class=\"gridContainer\">\n<div  class=\"row\">\n<div  class=\"content-left-image-imgcol\" data-type=\"column\"><img  decoding=\"async\" class=\"\" src=\"https:\/\/pension-kranewitter-tirol.at\/wp-content\/uploads\/2022\/01\/breakfast-1835478_1920-e1641665353917.jpg\" alt=\"\"><\/div>\n<div  class=\"content-left-image-textcol dynamic-color\" data-type=\"column\">\n<h2  class=\"\">Ein guter Tag beginnt mit einem guten Fr\u00fchst\u00fcck!<\/h2>\n<p  class=\"large_text\">Wir servieren ihnen in unserem Fr\u00fchst\u00fccksraum t\u00e4glich ein reichhaltiges Fr\u00fchst\u00fcck. Herrlich duftender Kaffee oder Tee weckt m\u00fcde Geister. Frische Br\u00f6tchen, Wurst, K\u00e4se, verschiedene Brotaufstriche, Butter st\u00e4rken Sie f\u00fcr einen sch\u00f6nen Urlaubstag. M\u00fcsli, Saft und Eier machen den Start perfekt.<\/p>\n\n<\/div>\n<\/div>\n<\/div>\n<\/div><div  id=\"bike\" class=\"content-right-image-section\" style=\"background-color: #f6f6f6;\" data-label=\"Bike\" data-id=\"content-image-right\" data-category=\"content\">\n<div  class=\"gridContainer\">\n<div  class=\"content-right-image-gridcol\">\n<div  class=\"content-right-image-textcol dynamic-color\" data-type=\"column\">\n<h2  class=\"\">Wir lassen ihr Bike nicht im Regen stehen!<\/h2>\n<p  class=\"large_text\">Egal, ob sie mit ihrem Rad die Wege und Trails der Region im Urlaub erkunden oder ihr Bike als Reisemittel dient, bei uns k\u00f6nnen sie es sicher in einem versperrbaren Raum abstellen. So k\u00f6nnen sie sicher sein, dass ihr Fahrrad gut verstaut ist.<\/p>\n\n<\/div>\n<div  class=\"content-right-image-imgcol\" data-type=\"column\"><img  decoding=\"async\" class=\"\" src=\"https:\/\/pension-kranewitter-tirol.at\/wp-content\/uploads\/2022\/01\/bicycle-975813_1920.jpg\" alt=\"\"><\/div>\n<\/div>\n<\/div>\n<\/div><div  id=\"preise\" class=\"features-overlapped-icons-section\" style=\"background-color: #f6f6f6;\" data-label=\"Preise\" data-id=\"features-overlapped-icons-section\" data-category=\"features\">\n<div  class=\"gridContainer\">\n<div  class=\"features-overlapped-icons-textrow\">\n<div  class=\"features-overlapped-icons-textcol dynamic-color\" data-type=\"column\">\n<h2  class=\"\">Unsere Preise<\/h2>\n<p  class=\"\">Unsere Preise verstehen sich inkl. Mwst.<\/p>\nDie Ortstaxe in der jeweils g\u00fcltigen H\u00f6he wird zus\u00e4tzlich hinzugef\u00fcgt.\n\n<\/div>\n<\/div>\n<div  class=\"features-overlapped-icons-featuresrow flexbox-list\" data-type=\"row\">\n<div  class=\"features-large-icons-featcol cp3cols cp6cols-tablet\">\n<div  class=\"features-overlapped-icons-featinnerrow\">\n<div  class=\"features-icon-container\"><\/div>\n<div  class=\"\" data-type=\"column\">\n<h4  class=\"\">1.5. \u2013 30.09.<\/h4>\n<p  class=\"\">EUR 47,\u2013 p.P.\/DZ\/Tag<\/p>\nEUR 54,\u2013 p.P.\/EZ\/Tag\n\ninkl. Fr\u00fchst\u00fcck\n\n<a  class=\"\" href=\"#\">learn more<\/a>\n\n<\/div>\n<\/div>\n<\/div>\n<div  class=\"features-large-icons-featcol cp3cols cp6cols-tablet\">\n<div  class=\"features-overlapped-icons-featinnerrow\">\n<div  class=\"features-icon-container\"><\/div>\n<div  class=\"\" data-type=\"column\">\n<h4  class=\"\">April + Oktober<\/h4>\n<p  class=\"\">EUR 49,\u2013 p.P.\/DZ\/Tag<\/p>\nEUR 56,\u2013 p.P.\/EZ\/Tag\n\ninkl. Fr\u00fchst\u00fcck\n\n<a  class=\"\" href=\"#\">learn more<\/a>\n\n<\/div>\n<\/div>\n<\/div>\n<\/div>\n<\/div>\n<\/div><div  id=\"testimonials-1\" class=\"testimonials-boxed-section\" style=\"background-color: #f6f6f6;\" data-label=\"Testimonials\" data-id=\"testimonials-boxed-section\" data-category=\"testimonials\">\n<div  class=\"gridContainer\">\n<div  class=\"testimonials-boxed-textcol dynamic-color\" data-type=\"column\">\n<h2  class=\"\">Das sagen unsere G\u00e4ste:<\/h2>\n<\/div>\n<div  class=\"testimonials-boxed-itemsrow dark-text\" data-type=\"row\">\n<div  class=\"testimonials-boxed-itemcol cp4cols cp6cols-tablet\">\n<div  class=\"testimonials-boxed-itemcard\" data-type=\"column\">\n<h4  class=\"testimonials-boxed-itemtext\">\u201cWir kommen immer wieder gerne und f\u00fchlen uns mit unserem Sohn im famil\u00e4ren Umfeld der Gastgeber sehr wohl.\u201d<\/h4>\n<img  decoding=\"async\" class=\"testimonials-boxed-itemimg\" src=\"https:\/\/pension-kranewitter-tirol.at\/wp-content\/uploads\/2022\/01\/Bildschirmfoto-2022-01-08-um-19.19.25.png\" alt=\"\" data-size=\"500x500\">\n<h5  class=\"testimonials-boxed-itemname\">Familie Anlar<\/h5>\n<h6  class=\"testimonials-boxed-itempos\">Deutschland<\/h6>\n<\/div>\n<\/div>\n<div  class=\"testimonials-boxed-itemcol cp4cols cp6cols-tablet\">\n<div  class=\"testimonials-boxed-itemcard\" data-type=\"column\">\n<h4  class=\"testimonials-boxed-itemtext\">\u201cSch\u00f6ne Zimmer, reichhaltiges Fr\u00fchst\u00fcck und die Lage \u2013 unber\u00fchrte Natur. Wir erholen uns hier immer bestens \u201d<\/h4>\n<img  decoding=\"async\" class=\"testimonials-boxed-itemimg\" src=\"https:\/\/pension-kranewitter-tirol.at\/wp-content\/uploads\/2022\/01\/cropped-Bildschirmfoto-2022-01-08-um-20.19.40.png\" alt=\"\" data-size=\"500x500\">\n<h5  class=\"testimonials-boxed-itemname\">Ramona u. Erhard Nagiller<\/h5>\n<h6  class=\"testimonials-boxed-itempos\">\u00d6sterreich<\/h6>\n<\/div>\n<\/div>\n<div  class=\"testimonials-boxed-itemcol cp4cols cp6cols-tablet\">\n<div  class=\"testimonials-boxed-itemcard\" data-type=\"column\">\n<h4  class=\"testimonials-boxed-itemtext\">\u201cWir sind seit Jahrzehnten Stammg\u00e4ste und das nicht ohne Grund: Wir sind rundum zufrieden und gl\u00fccklich hier!<\/h4>\nBis bald in Nassereith.\u201d\n\n<img  decoding=\"async\" class=\"testimonials-boxed-itemimg\" src=\"https:\/\/pension-kranewitter-tirol.at\/wp-content\/uploads\/2022\/01\/cropped-Wolfgang-Salomon-e1641670633459.jpeg\" alt=\"\" data-size=\"500x500\">\n<h5  class=\"testimonials-boxed-itemname\">Wolfgang Salomon<\/h5>\n<h6  class=\"testimonials-boxed-itempos\">Deutschland<\/h6>\n<\/div>\n<\/div>\n<\/div>\n<\/div>\n<\/div><div  id=\"contact-4\" class=\"contact-section-formsection white-text\" style=\"background-image: none; background-size: auto 964.625px; background-repeat: no-repeat; background-position: center top 86.3587%;\" data-label=\"Contact\" data-id=\"contact-section\" data-category=\"contact\" data-bg=\"transparent\">\n<div  class=\"gridContainer\">\n<div  class=\"row_224\">\n<div  class=\"contact-textrow\">\n<div  class=\"contact-textcol dynamic-color\">\n<h2  class=\"\">Wir freuen uns \u00fcber ihre Buchungsanfrage!<\/h2>\n<p  class=\"white_text\">Bitte f\u00fcllen Sie das Formular aus \u2013 wir melden uns ganz schnell!<\/p>\n\n<\/div>\n<\/div>\n<\/div>\n<div  class=\"contact-formcol\" data-content-shortcode=\"one_page_express_contact_form shortcode=&quot;contact-form-7 id=&amp;amp;quot;34&amp;amp;quot; title=&amp;amp;quot;Kontaktformular 1&amp;amp;quot;&quot;\" data-editable=\"true\">\n<div class=\"wpcf7 no-js\" id=\"wpcf7-f34-o1\" lang=\"de-DE\" dir=\"ltr\" data-wpcf7-id=\"34\">\n<div class=\"screen-reader-response\"><p role=\"status\" aria-live=\"polite\" aria-atomic=\"true\"><\/p> <ul><\/ul><\/div>\n<form action=\"\/index.php?rest_route=%2Fwp%2Fv2%2Fpages%2F32#wpcf7-f34-o1\" method=\"post\" class=\"wpcf7-form init\" aria-label=\"Kontaktformular\" novalidate=\"novalidate\" data-status=\"init\">\n<fieldset class=\"hidden-fields-container\"><input type=\"hidden\" name=\"_wpcf7\" value=\"34\" \/><input type=\"hidden\" name=\"_wpcf7_version\" value=\"6.1.4\" \/><input type=\"hidden\" name=\"_wpcf7_locale\" value=\"de_DE\" \/><input type=\"hidden\" name=\"_wpcf7_unit_tag\" value=\"wpcf7-f34-o1\" \/><input type=\"hidden\" name=\"_wpcf7_container_post\" value=\"0\" \/><input type=\"hidden\" name=\"_wpcf7_posted_data_hash\" value=\"\" \/>\n<\/fieldset>\n<p><label> Ihr Name<br \/>\n<span class=\"wpcf7-form-control-wrap\" data-name=\"your-name\"><input size=\"40\" maxlength=\"400\" class=\"wpcf7-form-control wpcf7-text wpcf7-validates-as-required\" aria-required=\"true\" aria-invalid=\"false\" value=\"\" type=\"text\" name=\"your-name\" \/><\/span> <\/label>\n<\/p>\n<p><label> Ihre E-Mail-Adresse<br \/>\n<span class=\"wpcf7-form-control-wrap\" data-name=\"your-email\"><input size=\"40\" maxlength=\"400\" class=\"wpcf7-form-control wpcf7-email wpcf7-validates-as-required wpcf7-text wpcf7-validates-as-email\" aria-required=\"true\" aria-invalid=\"false\" value=\"\" type=\"email\" name=\"your-email\" \/><\/span> <\/label>\n<\/p>\n<p><label> Betreff<br \/>\n<span class=\"wpcf7-form-control-wrap\" data-name=\"your-subject\"><input size=\"40\" maxlength=\"400\" class=\"wpcf7-form-control wpcf7-text wpcf7-validates-as-required\" aria-required=\"true\" aria-invalid=\"false\" value=\"\" type=\"text\" name=\"your-subject\" \/><\/span> <\/label>\n<\/p>\n<p><label> Ihre Nachricht - gerne auch Fragen zu unserem Angebot, zu Nassereith oder zur Region (optional)<br \/>\n<span class=\"wpcf7-form-control-wrap\" data-name=\"your-message\"><textarea cols=\"40\" rows=\"10\" maxlength=\"2000\" class=\"wpcf7-form-control wpcf7-textarea\" aria-invalid=\"false\" name=\"your-message\"><\/textarea><\/span> <\/label>\n<\/p>\n<p><input class=\"wpcf7-form-control wpcf7-submit has-spinner\" type=\"submit\" value=\"Senden\" \/>\n<\/p><p style=\"display: none !important;\" class=\"akismet-fields-container\" data-prefix=\"_wpcf7_ak_\"><label>&#916;<textarea name=\"_wpcf7_ak_hp_textarea\" cols=\"45\" rows=\"8\" maxlength=\"100\"><\/textarea><\/label><input type=\"hidden\" id=\"ak_js_1\" name=\"_wpcf7_ak_js\" value=\"117\"\/><script>document.getElementById( \"ak_js_1\" ).setAttribute( \"value\", ( new Date() ).getTime() );<\/script><\/p><div class=\"wpcf7-response-output\" aria-hidden=\"true\"><\/div>\n<\/form>\n<\/div>\n<\/div>\n<\/div>\n<\/div>","protected":false},"excerpt":{"rendered":"<p>G\u00e4stezimmer Gem\u00fctliche, gro\u00dfe G\u00e4stezimmer mit Dusche, WC, Balkon. Reichhaltiges Fr\u00fchst\u00fcck wird im Fr\u00fchst\u00fccksraum serviert und ist im Preis inbegriffen. Parkplatz, Wlan, versperrbare Abstellm\u00f6glichkeit f\u00fcr Fahrr\u00e4der u.v.m. Bildergalerie Lage Unser Haus befindet sich im Zentrum von Nassereith. In ein paar Gehminuten erreichen sie schnell Supermarkt, Restaurants, Bars, Trafik und das B\u00fcro des Imst Tourismus. Der Klettergarten&hellip; <br \/> <a class=\"button small blue\" href=\"https:\/\/pension-kranewitter-tirol.at\/\">Weiterlesen<\/a><\/p>\n","protected":false},"author":1,"featured_media":0,"parent":0,"menu_order":0,"comment_status":"closed","ping_status":"closed","template":"page-templates\/homepage.php","meta":{"footnotes":""},"class_list":["post-32","page","type-page","status-publish","hentry"],"_links":{"self":[{"href":"https:\/\/pension-kranewitter-tirol.at\/index.php?rest_route=\/wp\/v2\/pages\/32","targetHints":{"allow":["GET"]}}],"collection":[{"href":"https:\/\/pension-kranewitter-tirol.at\/index.php?rest_route=\/wp\/v2\/pages"}],"about":[{"href":"https:\/\/pension-kranewitter-tirol.at\/index.php?rest_route=\/wp\/v2\/types\/page"}],"author":[{"embeddable":true,"href":"https:\/\/pension-kranewitter-tirol.at\/index.php?rest_route=\/wp\/v2\/users\/1"}],"replies":[{"embeddable":true,"href":"https:\/\/pension-kranewitter-tirol.at\/index.php?rest_route=%2Fwp%2Fv2%2Fcomments&post=32"}],"version-history":[{"count":55,"href":"https:\/\/pension-kranewitter-tirol.at\/index.php?rest_route=\/wp\/v2\/pages\/32\/revisions"}],"predecessor-version":[{"id":255,"href":"https:\/\/pension-kranewitter-tirol.at\/index.php?rest_route=\/wp\/v2\/pages\/32\/revisions\/255"}],"wp:attachment":[{"href":"https:\/\/pension-kranewitter-tirol.at\/index.php?rest_route=%2Fwp%2Fv2%2Fmedia&parent=32"}],"curies":[{"name":"wp","href":"https:\/\/api.w.org\/{rel}","templated":true}]}}